{"id":1168,"date":"2025-05-21T18:49:18","date_gmt":"2025-05-21T18:49:18","guid":{"rendered":"http:\/\/sefoc.sepyc.gob.mx\/?page_id=1168"},"modified":"2025-05-21T19:28:20","modified_gmt":"2025-05-21T19:28:20","slug":"estrategias","status":"publish","type":"page","link":"http:\/\/sefoc.sepyc.gob.mx\/?page_id=1168","title":{"rendered":"Estrategias"},"content":{"rendered":"\t\t<div data-elementor-type=\"wp-post\" data-elementor-id=\"1168\" class=\"elementor elementor-1168\">\n\t\t\t\t<div class=\"elementor-element elementor-element-e48cae5 e-flex e-con-boxed e-con e-parent\" data-id=\"e48cae5\" data-element_type=\"container\" data-settings=\"{&quot;background_background&quot;:&quot;classic&quot;}\">\n\t\t\t\t\t<div class=\"e-con-inner\">\n\t\t<div class=\"elementor-element elementor-element-cb773ca e-flex e-con-boxed e-con e-child\" data-id=\"cb773ca\" data-element_type=\"container\">\n\t\t\t\t\t<div class=\"e-con-inner\">\n\t\t\t\t<div class=\"elementor-element elementor-element-51e07ce elementor-widget elementor-widget-heading\" data-id=\"51e07ce\" data-element_type=\"widget\" data-widget_type=\"heading.default\">\n\t\t\t\t<div class=\"elementor-widget-container\">\n\t\t\t\t\t<h2 class=\"elementor-heading-title elementor-size-default\"><br><br>ESTRATEGIAS DE FORMACI\u00d3N CONTINUA 2025 <br><br><\/h2>\t\t\t\t<\/div>\n\t\t\t\t<\/div>\n\t\t\t\t<div class=\"elementor-element elementor-element-600f2ad elementor-widget elementor-widget-heading\" data-id=\"600f2ad\" data-element_type=\"widget\" data-widget_type=\"heading.default\">\n\t\t\t\t<div class=\"elementor-widget-container\">\n\t\t\t\t\t<h2 class=\"elementor-heading-title elementor-size-default\">En este apartado podr\u00e1s encontrar las estrategias por convocatoria del a\u00f1o 2025. <\/h2>\t\t\t\t<\/div>\n\t\t\t\t<\/div>\n\t\t\t\t\t<\/div>\n\t\t\t\t<\/div>\n\t\t\t\t\t<\/div>\n\t\t\t\t<\/div>\n\t\t<div class=\"elementor-element elementor-element-fdf5da2 e-flex e-con-boxed e-con e-parent\" data-id=\"fdf5da2\" data-element_type=\"container\">\n\t\t\t\t\t<div class=\"e-con-inner\">\n\t\t<div class=\"elementor-element elementor-element-a455d37 e-con-full e-flex e-con e-child\" data-id=\"a455d37\" data-element_type=\"container\">\n\t\t\t\t<div class=\"elementor-element elementor-element-ecb955e elementor-widget elementor-widget-heading\" data-id=\"ecb955e\" data-element_type=\"widget\" data-widget_type=\"heading.default\">\n\t\t\t\t<div class=\"elementor-widget-container\">\n\t\t\t\t\t<h2 class=\"elementor-heading-title elementor-size-default\">Estrategia Estatal 2025<\/h2>\t\t\t\t<\/div>\n\t\t\t\t<\/div>\n\t\t\t\t<div class=\"elementor-element elementor-element-eb83238 elementor-widget elementor-widget-image\" data-id=\"eb83238\" data-element_type=\"widget\" data-widget_type=\"image.default\">\n\t\t\t\t<div class=\"elementor-widget-container\">\n\t\t\t\t\t\t\t\t\t\t\t\t\t\t\t\t<a href=\"http:\/\/sefoc.sepyc.gob.mx\/wp-content\/uploads\/2025\/05\/Estrategia-Estatal-de-Formacion-Continua-2025.pdf\" target=\"_blank\">\n\t\t\t\t\t\t\t<img fetchpriority=\"high\" decoding=\"async\" width=\"225\" height=\"300\" src=\"http:\/\/sefoc.sepyc.gob.mx\/wp-content\/uploads\/2025\/05\/est-225x300.jpeg\" class=\"attachment-medium size-medium wp-image-1229\" alt=\"\" srcset=\"http:\/\/sefoc.sepyc.gob.mx\/wp-content\/uploads\/2025\/05\/est-225x300.jpeg 225w, http:\/\/sefoc.sepyc.gob.mx\/wp-content\/uploads\/2025\/05\/est.jpeg 544w\" sizes=\"(max-width: 225px) 100vw, 225px\" \/>\t\t\t\t\t\t\t\t<\/a>\n\t\t\t\t\t\t\t\t\t\t\t\t\t\t\t<\/div>\n\t\t\t\t<\/div>\n\t\t\t\t<div class=\"elementor-element elementor-element-7819973 elementor-align-center elementor-widget elementor-widget-button\" data-id=\"7819973\" data-element_type=\"widget\" data-widget_type=\"button.default\">\n\t\t\t\t<div class=\"elementor-widget-container\">\n\t\t\t\t\t\t\t\t\t<div class=\"elementor-button-wrapper\">\n\t\t\t\t\t<a class=\"elementor-button elementor-button-link elementor-size-sm\" href=\"http:\/\/sefoc.sepyc.gob.mx\/wp-content\/uploads\/2025\/05\/Estrategia-Estatal-de-Formacion-Continua-2025.pdf\" target=\"_blank\">\n\t\t\t\t\t\t<span class=\"elementor-button-content-wrapper\">\n\t\t\t\t\t\t\t\t\t<span class=\"elementor-button-text\">Descargar<\/span>\n\t\t\t\t\t<\/span>\n\t\t\t\t\t<\/a>\n\t\t\t\t<\/div>\n\t\t\t\t\t\t\t\t<\/div>\n\t\t\t\t<\/div>\n\t\t\t\t<\/div>\n\t\t<div class=\"elementor-element elementor-element-ac7f3bf e-con-full e-flex e-con e-child\" data-id=\"ac7f3bf\" data-element_type=\"container\">\n\t\t\t\t<div class=\"elementor-element elementor-element-cb9170f elementor-widget elementor-widget-heading\" data-id=\"cb9170f\" data-element_type=\"widget\" data-widget_type=\"heading.default\">\n\t\t\t\t<div class=\"elementor-widget-container\">\n\t\t\t\t\t<h2 class=\"elementor-heading-title elementor-size-default\">Estrategia Nacional 2025<\/h2>\t\t\t\t<\/div>\n\t\t\t\t<\/div>\n\t\t\t\t<div class=\"elementor-element elementor-element-b799904 elementor-widget elementor-widget-image\" data-id=\"b799904\" data-element_type=\"widget\" data-widget_type=\"image.default\">\n\t\t\t\t<div class=\"elementor-widget-container\">\n\t\t\t\t\t\t\t\t\t\t\t\t\t\t\t\t<a href=\"http:\/\/sefoc.sepyc.gob.mx\/wp-content\/uploads\/2025\/05\/Estrategia-Nacional-de-Formacion-Continua-2025.pdf\" target=\"_blank\">\n\t\t\t\t\t\t\t<img decoding=\"async\" width=\"228\" height=\"300\" src=\"http:\/\/sefoc.sepyc.gob.mx\/wp-content\/uploads\/2025\/05\/nac-228x300.jpeg\" class=\"attachment-medium size-medium wp-image-1230\" alt=\"\" srcset=\"http:\/\/sefoc.sepyc.gob.mx\/wp-content\/uploads\/2025\/05\/nac-228x300.jpeg 228w, http:\/\/sefoc.sepyc.gob.mx\/wp-content\/uploads\/2025\/05\/nac.jpeg 550w\" sizes=\"(max-width: 228px) 100vw, 228px\" \/>\t\t\t\t\t\t\t\t<\/a>\n\t\t\t\t\t\t\t\t\t\t\t\t\t\t\t<\/div>\n\t\t\t\t<\/div>\n\t\t\t\t<div class=\"elementor-element elementor-element-8b589db elementor-align-center elementor-widget elementor-widget-button\" data-id=\"8b589db\" data-element_type=\"widget\" data-widget_type=\"button.default\">\n\t\t\t\t<div class=\"elementor-widget-container\">\n\t\t\t\t\t\t\t\t\t<div class=\"elementor-button-wrapper\">\n\t\t\t\t\t<a class=\"elementor-button elementor-button-link elementor-size-sm\" href=\"http:\/\/sefoc.sepyc.gob.mx\/wp-content\/uploads\/2025\/05\/Estrategia-Nacional-de-Formacion-Continua-2025.pdf\" target=\"_blank\">\n\t\t\t\t\t\t<span class=\"elementor-button-content-wrapper\">\n\t\t\t\t\t\t\t\t\t<span class=\"elementor-button-text\">Descargar<\/span>\n\t\t\t\t\t<\/span>\n\t\t\t\t\t<\/a>\n\t\t\t\t<\/div>\n\t\t\t\t\t\t\t\t<\/div>\n\t\t\t\t<\/div>\n\t\t\t\t<\/div>\n\t\t\t\t\t<\/div>\n\t\t\t\t<\/div>\n\t\t\t\t<\/div>\n\t\t","protected":false},"excerpt":{"rendered":"<p>ESTRATEGIAS DE FORMACI\u00d3N CONTINUA 2025 En este apartado podr\u00e1s encontrar las estrategias por convocatoria del a\u00f1o 2025. Estrategia Estatal 2025 Descargar Estrategia Nacional 2025 Descargar<\/p>\n","protected":false},"author":1,"featured_media":0,"parent":0,"menu_order":0,"comment_status":"closed","ping_status":"closed","template":"elementor_header_footer","meta":{"footnotes":""},"class_list":["post-1168","page","type-page","status-publish","hentry"],"_links":{"self":[{"href":"http:\/\/sefoc.sepyc.gob.mx\/index.php?rest_route=\/wp\/v2\/pages\/1168","targetHints":{"allow":["GET"]}}],"collection":[{"href":"http:\/\/sefoc.sepyc.gob.mx\/index.php?rest_route=\/wp\/v2\/pages"}],"about":[{"href":"http:\/\/sefoc.sepyc.gob.mx\/index.php?rest_route=\/wp\/v2\/types\/page"}],"author":[{"embeddable":true,"href":"http:\/\/sefoc.sepyc.gob.mx\/index.php?rest_route=\/wp\/v2\/users\/1"}],"replies":[{"embeddable":true,"href":"http:\/\/sefoc.sepyc.gob.mx\/index.php?rest_route=%2Fwp%2Fv2%2Fcomments&post=1168"}],"version-history":[{"count":28,"href":"http:\/\/sefoc.sepyc.gob.mx\/index.php?rest_route=\/wp\/v2\/pages\/1168\/revisions"}],"predecessor-version":[{"id":1236,"href":"http:\/\/sefoc.sepyc.gob.mx\/index.php?rest_route=\/wp\/v2\/pages\/1168\/revisions\/1236"}],"wp:attachment":[{"href":"http:\/\/sefoc.sepyc.gob.mx\/index.php?rest_route=%2Fwp%2Fv2%2Fmedia&parent=1168"}],"curies":[{"name":"wp","href":"https:\/\/api.w.org\/{rel}","templated":true}]}}