{"id":1315,"date":"2025-06-10T16:53:25","date_gmt":"2025-06-10T16:53:25","guid":{"rendered":"http:\/\/sefoc.sepyc.gob.mx\/?page_id=1315"},"modified":"2025-08-14T19:58:59","modified_gmt":"2025-08-14T19:58:59","slug":"contraloria-social","status":"publish","type":"page","link":"http:\/\/sefoc.sepyc.gob.mx\/?page_id=1315","title":{"rendered":"Contralor\u00eda Social"},"content":{"rendered":"\t\t<div data-elementor-type=\"wp-post\" data-elementor-id=\"1315\" class=\"elementor elementor-1315\">\n\t\t\t\t<div class=\"elementor-element elementor-element-e48cae5 e-flex e-con-boxed e-con e-parent\" data-id=\"e48cae5\" data-element_type=\"container\" data-settings=\"{&quot;background_background&quot;:&quot;classic&quot;}\">\n\t\t\t\t\t<div class=\"e-con-inner\">\n\t\t<div class=\"elementor-element elementor-element-cb773ca e-flex e-con-boxed e-con e-child\" data-id=\"cb773ca\" data-element_type=\"container\">\n\t\t\t\t\t<div class=\"e-con-inner\">\n\t\t\t\t<div class=\"elementor-element elementor-element-51e07ce elementor-widget elementor-widget-heading\" data-id=\"51e07ce\" data-element_type=\"widget\" data-widget_type=\"heading.default\">\n\t\t\t\t<div class=\"elementor-widget-container\">\n\t\t\t\t\t<h2 class=\"elementor-heading-title elementor-size-default\"><br><br>CONTRALOR\u00cdA SOCIAL <br><br><\/h2>\t\t\t\t<\/div>\n\t\t\t\t<\/div>\n\t\t\t\t<div class=\"elementor-element elementor-element-600f2ad elementor-widget elementor-widget-heading\" data-id=\"600f2ad\" data-element_type=\"widget\" data-widget_type=\"heading.default\">\n\t\t\t\t<div class=\"elementor-widget-container\">\n\t\t\t\t\t<h2 class=\"elementor-heading-title elementor-size-default\">En este apartado podr\u00e1s encontrar todo lo referente a contralor\u00eda social. <\/h2>\t\t\t\t<\/div>\n\t\t\t\t<\/div>\n\t\t\t\t\t<\/div>\n\t\t\t\t<\/div>\n\t\t\t\t\t<\/div>\n\t\t\t\t<\/div>\n\t\t<div class=\"elementor-element elementor-element-c15151d e-flex e-con-boxed e-con e-parent\" data-id=\"c15151d\" data-element_type=\"container\">\n\t\t\t\t\t<div class=\"e-con-inner\">\n\t\t\t\t<div class=\"elementor-element elementor-element-24a5e23 elementor-widget elementor-widget-heading\" data-id=\"24a5e23\" data-element_type=\"widget\" data-widget_type=\"heading.default\">\n\t\t\t\t<div class=\"elementor-widget-container\">\n\t\t\t\t\t<h2 class=\"elementor-heading-title elementor-size-default\">\u00bfSabes qui\u00e9n forma parte de la Contralor\u00eda Social del PRODEP 2025?<\/h2>\t\t\t\t<\/div>\n\t\t\t\t<\/div>\n\t\t\t\t\t<\/div>\n\t\t\t\t<\/div>\n\t\t<div class=\"elementor-element elementor-element-fdf5da2 e-flex e-con-boxed e-con e-parent\" data-id=\"fdf5da2\" data-element_type=\"container\">\n\t\t\t\t\t<div class=\"e-con-inner\">\n\t\t\t\t<div class=\"elementor-element elementor-element-2041cae elementor-widget elementor-widget-text-editor\" data-id=\"2041cae\" data-element_type=\"widget\" data-widget_type=\"text-editor.default\">\n\t\t\t\t<div class=\"elementor-widget-container\">\n\t\t\t\t\t\t\t\t\t<p><strong>Si eres beneficiario del PRODEP 2025 puedes formar parte de sus Comit\u00e9s, contamos con uno presencial y uno virtual.<\/strong><br \/><strong>Te facilitamos a trav\u00e9s de los archivos Book, Cartel y tr\u00edptico toda la informaci\u00f3n concerniente a funciones y actividades para vigilar que los recursos otorgados son utilizados en becas para la formaci\u00f3n continua.<\/strong><\/p><p><em><strong>\u00a1Esperamos que pr\u00f3ximamente, seas participante activo en estas acciones tan relevantes para operar con transparencia los recursos asignados para la superaci\u00f3n profesional de todas las figuras educativas de nuestro Estado!<\/strong><\/em><\/p>\t\t\t\t\t\t\t\t<\/div>\n\t\t\t\t<\/div>\n\t\t\t\t\t<\/div>\n\t\t\t\t<\/div>\n\t\t<div class=\"elementor-element elementor-element-4b4c677 e-flex e-con-boxed e-con e-parent\" data-id=\"4b4c677\" data-element_type=\"container\">\n\t\t\t\t\t<div class=\"e-con-inner\">\n\t\t<div class=\"elementor-element elementor-element-6d96303 e-con-full e-flex e-con e-child\" data-id=\"6d96303\" data-element_type=\"container\">\n\t\t\t\t<div class=\"elementor-element elementor-element-1079846 elementor-widget elementor-widget-heading\" data-id=\"1079846\" data-element_type=\"widget\" data-widget_type=\"heading.default\">\n\t\t\t\t<div class=\"elementor-widget-container\">\n\t\t\t\t\t<h2 class=\"elementor-heading-title elementor-size-default\">Book Contralor\u00eda Social<\/h2>\t\t\t\t<\/div>\n\t\t\t\t<\/div>\n\t\t\t\t<div class=\"elementor-element elementor-element-02f278f elementor-widget elementor-widget-image\" data-id=\"02f278f\" data-element_type=\"widget\" data-widget_type=\"image.default\">\n\t\t\t\t<div class=\"elementor-widget-container\">\n\t\t\t\t\t\t\t\t\t\t\t\t\t\t\t\t<a href=\"http:\/\/sefoc.sepyc.gob.mx\/wp-content\/uploads\/2025\/06\/Book-Contraloria-Social-2.0.pdf\" target=\"_blank\">\n\t\t\t\t\t\t\t<img fetchpriority=\"high\" decoding=\"async\" width=\"232\" height=\"300\" src=\"http:\/\/sefoc.sepyc.gob.mx\/wp-content\/uploads\/2025\/06\/Book-232x300.jpg\" class=\"attachment-medium size-medium wp-image-1322\" alt=\"\" srcset=\"http:\/\/sefoc.sepyc.gob.mx\/wp-content\/uploads\/2025\/06\/Book-232x300.jpg 232w, http:\/\/sefoc.sepyc.gob.mx\/wp-content\/uploads\/2025\/06\/Book.jpg 430w\" sizes=\"(max-width: 232px) 100vw, 232px\" \/>\t\t\t\t\t\t\t\t<\/a>\n\t\t\t\t\t\t\t\t\t\t\t\t\t\t\t<\/div>\n\t\t\t\t<\/div>\n\t\t\t\t<div class=\"elementor-element elementor-element-b501fd4 elementor-align-center elementor-widget elementor-widget-button\" data-id=\"b501fd4\" data-element_type=\"widget\" data-widget_type=\"button.default\">\n\t\t\t\t<div class=\"elementor-widget-container\">\n\t\t\t\t\t\t\t\t\t<div class=\"elementor-button-wrapper\">\n\t\t\t\t\t<a class=\"elementor-button elementor-button-link elementor-size-sm\" href=\"http:\/\/sefoc.sepyc.gob.mx\/wp-content\/uploads\/2025\/06\/Book-Contraloria-Social-2.0.pdf\" target=\"_blank\">\n\t\t\t\t\t\t<span class=\"elementor-button-content-wrapper\">\n\t\t\t\t\t\t\t\t\t<span class=\"elementor-button-text\">Descargar<\/span>\n\t\t\t\t\t<\/span>\n\t\t\t\t\t<\/a>\n\t\t\t\t<\/div>\n\t\t\t\t\t\t\t\t<\/div>\n\t\t\t\t<\/div>\n\t\t\t\t<\/div>\n\t\t<div class=\"elementor-element elementor-element-8590426 e-con-full e-flex e-con e-child\" data-id=\"8590426\" data-element_type=\"container\">\n\t\t\t\t<div class=\"elementor-element elementor-element-b7486b0 elementor-widget elementor-widget-heading\" data-id=\"b7486b0\" data-element_type=\"widget\" data-widget_type=\"heading.default\">\n\t\t\t\t<div class=\"elementor-widget-container\">\n\t\t\t\t\t<h2 class=\"elementor-heading-title elementor-size-default\">Cartel Contralor\u00eda Social<\/h2>\t\t\t\t<\/div>\n\t\t\t\t<\/div>\n\t\t\t\t<div class=\"elementor-element elementor-element-e6e1e7a elementor-widget elementor-widget-image\" data-id=\"e6e1e7a\" data-element_type=\"widget\" data-widget_type=\"image.default\">\n\t\t\t\t<div class=\"elementor-widget-container\">\n\t\t\t\t\t\t\t\t\t\t\t\t\t\t\t\t<a href=\"http:\/\/sefoc.sepyc.gob.mx\/wp-content\/uploads\/2025\/06\/Cartel-CS_2025.pdf\" target=\"_blank\">\n\t\t\t\t\t\t\t<img decoding=\"async\" width=\"204\" height=\"300\" src=\"http:\/\/sefoc.sepyc.gob.mx\/wp-content\/uploads\/2025\/06\/cartel-204x300.jpg\" class=\"attachment-medium size-medium wp-image-1323\" alt=\"\" srcset=\"http:\/\/sefoc.sepyc.gob.mx\/wp-content\/uploads\/2025\/06\/cartel-204x300.jpg 204w, http:\/\/sefoc.sepyc.gob.mx\/wp-content\/uploads\/2025\/06\/cartel.jpg 387w\" sizes=\"(max-width: 204px) 100vw, 204px\" \/>\t\t\t\t\t\t\t\t<\/a>\n\t\t\t\t\t\t\t\t\t\t\t\t\t\t\t<\/div>\n\t\t\t\t<\/div>\n\t\t\t\t<div class=\"elementor-element elementor-element-bcbbd1d elementor-align-center elementor-widget elementor-widget-button\" data-id=\"bcbbd1d\" data-element_type=\"widget\" data-widget_type=\"button.default\">\n\t\t\t\t<div class=\"elementor-widget-container\">\n\t\t\t\t\t\t\t\t\t<div class=\"elementor-button-wrapper\">\n\t\t\t\t\t<a class=\"elementor-button elementor-button-link elementor-size-sm\" href=\"http:\/\/sefoc.sepyc.gob.mx\/wp-content\/uploads\/2025\/06\/Cartel-CS_2025.pdf\" target=\"_blank\">\n\t\t\t\t\t\t<span class=\"elementor-button-content-wrapper\">\n\t\t\t\t\t\t\t\t\t<span class=\"elementor-button-text\">Descargar<\/span>\n\t\t\t\t\t<\/span>\n\t\t\t\t\t<\/a>\n\t\t\t\t<\/div>\n\t\t\t\t\t\t\t\t<\/div>\n\t\t\t\t<\/div>\n\t\t\t\t<\/div>\n\t\t\t\t\t<\/div>\n\t\t\t\t<\/div>\n\t\t<div class=\"elementor-element elementor-element-15ac5cb e-flex e-con-boxed e-con e-parent\" data-id=\"15ac5cb\" data-element_type=\"container\">\n\t\t\t\t\t<div class=\"e-con-inner\">\n\t\t<div class=\"elementor-element elementor-element-a0c9548 e-con-full e-flex e-con e-child\" data-id=\"a0c9548\" data-element_type=\"container\">\n\t\t\t\t<div class=\"elementor-element elementor-element-715a1d8 elementor-widget elementor-widget-heading\" data-id=\"715a1d8\" data-element_type=\"widget\" data-widget_type=\"heading.default\">\n\t\t\t\t<div class=\"elementor-widget-container\">\n\t\t\t\t\t<h2 class=\"elementor-heading-title elementor-size-default\">Tr\u00edptico Contralor\u00eda Social<\/h2>\t\t\t\t<\/div>\n\t\t\t\t<\/div>\n\t\t\t\t<div class=\"elementor-element elementor-element-76523d4 elementor-widget elementor-widget-image\" data-id=\"76523d4\" data-element_type=\"widget\" data-widget_type=\"image.default\">\n\t\t\t\t<div class=\"elementor-widget-container\">\n\t\t\t\t\t\t\t\t\t\t\t\t\t\t\t\t<a href=\"http:\/\/sefoc.sepyc.gob.mx\/wp-content\/uploads\/2025\/06\/Triptico-Contraloria-Social-2025.pdf\" target=\"_blank\">\n\t\t\t\t\t\t\t<img decoding=\"async\" width=\"188\" height=\"300\" src=\"http:\/\/sefoc.sepyc.gob.mx\/wp-content\/uploads\/2025\/06\/triptico-188x300.jpg\" class=\"attachment-medium size-medium wp-image-1324\" alt=\"\" srcset=\"http:\/\/sefoc.sepyc.gob.mx\/wp-content\/uploads\/2025\/06\/triptico-188x300.jpg 188w, http:\/\/sefoc.sepyc.gob.mx\/wp-content\/uploads\/2025\/06\/triptico.jpg 272w\" sizes=\"(max-width: 188px) 100vw, 188px\" \/>\t\t\t\t\t\t\t\t<\/a>\n\t\t\t\t\t\t\t\t\t\t\t\t\t\t\t<\/div>\n\t\t\t\t<\/div>\n\t\t\t\t<div class=\"elementor-element elementor-element-69af60d elementor-align-center elementor-widget elementor-widget-button\" data-id=\"69af60d\" data-element_type=\"widget\" data-widget_type=\"button.default\">\n\t\t\t\t<div class=\"elementor-widget-container\">\n\t\t\t\t\t\t\t\t\t<div class=\"elementor-button-wrapper\">\n\t\t\t\t\t<a class=\"elementor-button elementor-button-link elementor-size-sm\" href=\"http:\/\/sefoc.sepyc.gob.mx\/wp-content\/uploads\/2025\/06\/Triptico-Contraloria-Social-2025.pdf\" target=\"_blank\">\n\t\t\t\t\t\t<span class=\"elementor-button-content-wrapper\">\n\t\t\t\t\t\t\t\t\t<span class=\"elementor-button-text\">Descargar<\/span>\n\t\t\t\t\t<\/span>\n\t\t\t\t\t<\/a>\n\t\t\t\t<\/div>\n\t\t\t\t\t\t\t\t<\/div>\n\t\t\t\t<\/div>\n\t\t\t\t<\/div>\n\t\t\t\t\t<\/div>\n\t\t\t\t<\/div>\n\t\t\t\t<\/div>\n\t\t","protected":false},"excerpt":{"rendered":"<p>CONTRALOR\u00cdA SOCIAL En este apartado podr\u00e1s encontrar todo lo referente a contralor\u00eda social. \u00bfSabes qui\u00e9n forma parte de la Contralor\u00eda Social del PRODEP 2025? Si eres beneficiario del PRODEP 2025 puedes formar parte de sus Comit\u00e9s, contamos con uno presencial y uno virtual.Te facilitamos a trav\u00e9s de los archivos Book, Cartel y tr\u00edptico toda la [&hellip;]<\/p>\n","protected":false},"author":1,"featured_media":0,"parent":0,"menu_order":0,"comment_status":"closed","ping_status":"closed","template":"elementor_header_footer","meta":{"footnotes":""},"class_list":["post-1315","page","type-page","status-publish","hentry"],"_links":{"self":[{"href":"http:\/\/sefoc.sepyc.gob.mx\/index.php?rest_route=\/wp\/v2\/pages\/1315","targetHints":{"allow":["GET"]}}],"collection":[{"href":"http:\/\/sefoc.sepyc.gob.mx\/index.php?rest_route=\/wp\/v2\/pages"}],"about":[{"href":"http:\/\/sefoc.sepyc.gob.mx\/index.php?rest_route=\/wp\/v2\/types\/page"}],"author":[{"embeddable":true,"href":"http:\/\/sefoc.sepyc.gob.mx\/index.php?rest_route=\/wp\/v2\/users\/1"}],"replies":[{"embeddable":true,"href":"http:\/\/sefoc.sepyc.gob.mx\/index.php?rest_route=%2Fwp%2Fv2%2Fcomments&post=1315"}],"version-history":[{"count":19,"href":"http:\/\/sefoc.sepyc.gob.mx\/index.php?rest_route=\/wp\/v2\/pages\/1315\/revisions"}],"predecessor-version":[{"id":1372,"href":"http:\/\/sefoc.sepyc.gob.mx\/index.php?rest_route=\/wp\/v2\/pages\/1315\/revisions\/1372"}],"wp:attachment":[{"href":"http:\/\/sefoc.sepyc.gob.mx\/index.php?rest_route=%2Fwp%2Fv2%2Fmedia&parent=1315"}],"curies":[{"name":"wp","href":"https:\/\/api.w.org\/{rel}","templated":true}]}}