{"id":1347,"date":"2025-08-14T18:34:23","date_gmt":"2025-08-14T18:34:23","guid":{"rendered":"http:\/\/sefoc.sepyc.gob.mx\/?page_id=1347"},"modified":"2025-09-01T22:53:44","modified_gmt":"2025-09-01T22:53:44","slug":"mir","status":"publish","type":"page","link":"http:\/\/sefoc.sepyc.gob.mx\/?page_id=1347","title":{"rendered":"MIR"},"content":{"rendered":"\t\t<div data-elementor-type=\"wp-post\" data-elementor-id=\"1347\" class=\"elementor elementor-1347\">\n\t\t\t\t<div class=\"elementor-element elementor-element-e48cae5 e-flex e-con-boxed e-con e-parent\" data-id=\"e48cae5\" data-element_type=\"container\" data-settings=\"{&quot;background_background&quot;:&quot;classic&quot;}\">\n\t\t\t\t\t<div class=\"e-con-inner\">\n\t\t<div class=\"elementor-element elementor-element-cb773ca e-flex e-con-boxed e-con e-child\" data-id=\"cb773ca\" data-element_type=\"container\">\n\t\t\t\t\t<div class=\"e-con-inner\">\n\t\t\t\t<div class=\"elementor-element elementor-element-51e07ce elementor-widget elementor-widget-heading\" data-id=\"51e07ce\" data-element_type=\"widget\" data-widget_type=\"heading.default\">\n\t\t\t\t<div class=\"elementor-widget-container\">\n\t\t\t\t\t<h2 class=\"elementor-heading-title elementor-size-default\"><br><br>MATRIZ DE INDICADORES Y RESULTADOS  <br><br><\/h2>\t\t\t\t<\/div>\n\t\t\t\t<\/div>\n\t\t\t\t\t<\/div>\n\t\t\t\t<\/div>\n\t\t\t\t\t<\/div>\n\t\t\t\t<\/div>\n\t\t<div class=\"elementor-element elementor-element-fdf5da2 e-flex e-con-boxed e-con e-parent\" data-id=\"fdf5da2\" data-element_type=\"container\">\n\t\t\t\t\t<div class=\"e-con-inner\">\n\t\t<div class=\"elementor-element elementor-element-a455d37 e-con-full e-flex e-con e-child\" data-id=\"a455d37\" data-element_type=\"container\">\n\t\t\t\t<div class=\"elementor-element elementor-element-ecb955e elementor-widget elementor-widget-heading\" data-id=\"ecb955e\" data-element_type=\"widget\" data-widget_type=\"heading.default\">\n\t\t\t\t<div class=\"elementor-widget-container\">\n\t\t\t\t\t<h2 class=\"elementor-heading-title elementor-size-default\">MIR 2025 modificada_observaciones ASE<\/h2>\t\t\t\t<\/div>\n\t\t\t\t<\/div>\n\t\t\t\t<div class=\"elementor-element elementor-element-eb83238 elementor-widget elementor-widget-image\" data-id=\"eb83238\" data-element_type=\"widget\" data-widget_type=\"image.default\">\n\t\t\t\t<div class=\"elementor-widget-container\">\n\t\t\t\t\t\t\t\t\t\t\t\t\t\t\t\t<a href=\"http:\/\/sefoc.sepyc.gob.mx\/wp-content\/uploads\/2025\/09\/MIR-2025_S044-Desarrollo-Profesional-Docente-_APROBADA_mod-para-el-portal_s01_2025.pdf\" target=\"_blank\">\n\t\t\t\t\t\t\t<img fetchpriority=\"high\" decoding=\"async\" width=\"300\" height=\"212\" src=\"http:\/\/sefoc.sepyc.gob.mx\/wp-content\/uploads\/2025\/09\/fOTO-300x212.png\" class=\"attachment-medium size-medium wp-image-1383\" alt=\"\" srcset=\"http:\/\/sefoc.sepyc.gob.mx\/wp-content\/uploads\/2025\/09\/fOTO-300x212.png 300w, http:\/\/sefoc.sepyc.gob.mx\/wp-content\/uploads\/2025\/09\/fOTO-768x542.png 768w, http:\/\/sefoc.sepyc.gob.mx\/wp-content\/uploads\/2025\/09\/fOTO.png 953w\" sizes=\"(max-width: 300px) 100vw, 300px\" \/>\t\t\t\t\t\t\t\t<\/a>\n\t\t\t\t\t\t\t\t\t\t\t\t\t\t\t<\/div>\n\t\t\t\t<\/div>\n\t\t\t\t<div class=\"elementor-element elementor-element-7819973 elementor-align-center elementor-widget elementor-widget-button\" data-id=\"7819973\" data-element_type=\"widget\" data-widget_type=\"button.default\">\n\t\t\t\t<div class=\"elementor-widget-container\">\n\t\t\t\t\t\t\t\t\t<div class=\"elementor-button-wrapper\">\n\t\t\t\t\t<a class=\"elementor-button elementor-button-link elementor-size-sm\" href=\"http:\/\/sefoc.sepyc.gob.mx\/wp-content\/uploads\/2025\/09\/MIR-2025_S044-Desarrollo-Profesional-Docente-_APROBADA_mod-para-el-portal_s01_2025.pdf\" target=\"_blank\">\n\t\t\t\t\t\t<span class=\"elementor-button-content-wrapper\">\n\t\t\t\t\t\t\t\t\t<span class=\"elementor-button-text\">Descargar<\/span>\n\t\t\t\t\t<\/span>\n\t\t\t\t\t<\/a>\n\t\t\t\t<\/div>\n\t\t\t\t\t\t\t\t<\/div>\n\t\t\t\t<\/div>\n\t\t\t\t<\/div>\n\t\t<div class=\"elementor-element elementor-element-8a21087 e-con-full e-flex e-con e-child\" data-id=\"8a21087\" data-element_type=\"container\">\n\t\t\t\t<div class=\"elementor-element elementor-element-7e1faf5 elementor-widget elementor-widget-heading\" data-id=\"7e1faf5\" data-element_type=\"widget\" data-widget_type=\"heading.default\">\n\t\t\t\t<div class=\"elementor-widget-container\">\n\t\t\t\t\t<h2 class=\"elementor-heading-title elementor-size-default\">Definici\u00f3n del Problema PRODEP 2025_ab01_25<\/h2>\t\t\t\t<\/div>\n\t\t\t\t<\/div>\n\t\t\t\t<div class=\"elementor-element elementor-element-bc1bb09 elementor-widget elementor-widget-image\" data-id=\"bc1bb09\" data-element_type=\"widget\" data-widget_type=\"image.default\">\n\t\t\t\t<div class=\"elementor-widget-container\">\n\t\t\t\t\t\t\t\t\t\t\t\t\t\t\t\t<a href=\"http:\/\/sefoc.sepyc.gob.mx\/wp-content\/uploads\/2025\/09\/1.Definicion-del-Problema-PRODEP-2025_ab01_25.pdf\" target=\"_blank\">\n\t\t\t\t\t\t\t<img decoding=\"async\" width=\"234\" height=\"300\" src=\"http:\/\/sefoc.sepyc.gob.mx\/wp-content\/uploads\/2025\/09\/PROGRAMA-PARA-EL-DESARROLLO-PROFESIONAL-DOCENTE-2025-234x300.png\" class=\"attachment-medium size-medium wp-image-1402\" alt=\"\" srcset=\"http:\/\/sefoc.sepyc.gob.mx\/wp-content\/uploads\/2025\/09\/PROGRAMA-PARA-EL-DESARROLLO-PROFESIONAL-DOCENTE-2025-234x300.png 234w, http:\/\/sefoc.sepyc.gob.mx\/wp-content\/uploads\/2025\/09\/PROGRAMA-PARA-EL-DESARROLLO-PROFESIONAL-DOCENTE-2025.png 485w\" sizes=\"(max-width: 234px) 100vw, 234px\" \/>\t\t\t\t\t\t\t\t<\/a>\n\t\t\t\t\t\t\t\t\t\t\t\t\t\t\t<\/div>\n\t\t\t\t<\/div>\n\t\t\t\t<div class=\"elementor-element elementor-element-5583012 elementor-align-center elementor-widget elementor-widget-button\" data-id=\"5583012\" data-element_type=\"widget\" data-widget_type=\"button.default\">\n\t\t\t\t<div class=\"elementor-widget-container\">\n\t\t\t\t\t\t\t\t\t<div class=\"elementor-button-wrapper\">\n\t\t\t\t\t<a class=\"elementor-button elementor-button-link elementor-size-sm\" href=\"http:\/\/sefoc.sepyc.gob.mx\/wp-content\/uploads\/2025\/09\/1.Definicion-del-Problema-PRODEP-2025_ab01_25.pdf\" target=\"_blank\">\n\t\t\t\t\t\t<span class=\"elementor-button-content-wrapper\">\n\t\t\t\t\t\t\t\t\t<span class=\"elementor-button-text\">Descargar<\/span>\n\t\t\t\t\t<\/span>\n\t\t\t\t\t<\/a>\n\t\t\t\t<\/div>\n\t\t\t\t\t\t\t\t<\/div>\n\t\t\t\t<\/div>\n\t\t\t\t<\/div>\n\t\t\t\t\t<\/div>\n\t\t\t\t<\/div>\n\t\t<div class=\"elementor-element elementor-element-924c95c e-flex e-con-boxed e-con e-parent\" data-id=\"924c95c\" data-element_type=\"container\">\n\t\t\t\t\t<div class=\"e-con-inner\">\n\t\t<div class=\"elementor-element elementor-element-af48ed6 e-con-full e-flex e-con e-child\" data-id=\"af48ed6\" data-element_type=\"container\">\n\t\t\t\t<div class=\"elementor-element elementor-element-f2a5bd9 elementor-widget elementor-widget-heading\" data-id=\"f2a5bd9\" data-element_type=\"widget\" data-widget_type=\"heading.default\">\n\t\t\t\t<div class=\"elementor-widget-container\">\n\t\t\t\t\t<h2 class=\"elementor-heading-title elementor-size-default\">Arbol problema y objetivo PRODEP 2025__ab 01_2025<\/h2>\t\t\t\t<\/div>\n\t\t\t\t<\/div>\n\t\t\t\t<div class=\"elementor-element elementor-element-dc1b370 elementor-widget elementor-widget-image\" data-id=\"dc1b370\" data-element_type=\"widget\" data-widget_type=\"image.default\">\n\t\t\t\t<div class=\"elementor-widget-container\">\n\t\t\t\t\t\t\t\t\t\t\t\t\t\t\t\t<a href=\"http:\/\/sefoc.sepyc.gob.mx\/wp-content\/uploads\/2025\/09\/2.-Arbol-problema-y-objetivo-PRODEP-2025__ab-01_2025.pdf\" target=\"_blank\">\n\t\t\t\t\t\t\t<img decoding=\"async\" width=\"300\" height=\"240\" src=\"http:\/\/sefoc.sepyc.gob.mx\/wp-content\/uploads\/2025\/09\/ARBOL-DEL-PROBLEMA-DEL-PROGRAMA-PARA-EL-DESARROLLO-PROFESIONAL-DOCENTE-2025-300x240.png\" class=\"attachment-medium size-medium wp-image-1403\" alt=\"\" srcset=\"http:\/\/sefoc.sepyc.gob.mx\/wp-content\/uploads\/2025\/09\/ARBOL-DEL-PROBLEMA-DEL-PROGRAMA-PARA-EL-DESARROLLO-PROFESIONAL-DOCENTE-2025-300x240.png 300w, http:\/\/sefoc.sepyc.gob.mx\/wp-content\/uploads\/2025\/09\/ARBOL-DEL-PROBLEMA-DEL-PROGRAMA-PARA-EL-DESARROLLO-PROFESIONAL-DOCENTE-2025.png 730w\" sizes=\"(max-width: 300px) 100vw, 300px\" \/>\t\t\t\t\t\t\t\t<\/a>\n\t\t\t\t\t\t\t\t\t\t\t\t\t\t\t<\/div>\n\t\t\t\t<\/div>\n\t\t\t\t<div class=\"elementor-element elementor-element-69e9148 elementor-align-center elementor-widget elementor-widget-button\" data-id=\"69e9148\" data-element_type=\"widget\" data-widget_type=\"button.default\">\n\t\t\t\t<div class=\"elementor-widget-container\">\n\t\t\t\t\t\t\t\t\t<div class=\"elementor-button-wrapper\">\n\t\t\t\t\t<a class=\"elementor-button elementor-button-link elementor-size-sm\" href=\"http:\/\/sefoc.sepyc.gob.mx\/wp-content\/uploads\/2025\/09\/2.-Arbol-problema-y-objetivo-PRODEP-2025__ab-01_2025.pdf\" target=\"_blank\">\n\t\t\t\t\t\t<span class=\"elementor-button-content-wrapper\">\n\t\t\t\t\t\t\t\t\t<span class=\"elementor-button-text\">Descargar<\/span>\n\t\t\t\t\t<\/span>\n\t\t\t\t\t<\/a>\n\t\t\t\t<\/div>\n\t\t\t\t\t\t\t\t<\/div>\n\t\t\t\t<\/div>\n\t\t\t\t<\/div>\n\t\t<div class=\"elementor-element elementor-element-aeddc03 e-con-full e-flex e-con e-child\" data-id=\"aeddc03\" data-element_type=\"container\">\n\t\t\t\t<div class=\"elementor-element elementor-element-7244bd6 elementor-widget elementor-widget-heading\" data-id=\"7244bd6\" data-element_type=\"widget\" data-widget_type=\"heading.default\">\n\t\t\t\t<div class=\"elementor-widget-container\">\n\t\t\t\t\t<h2 class=\"elementor-heading-title elementor-size-default\">Selecci\u00f3n de alternativas PRODEP 2025_ab01_ 2025<\/h2>\t\t\t\t<\/div>\n\t\t\t\t<\/div>\n\t\t\t\t<div class=\"elementor-element elementor-element-854e74b elementor-widget elementor-widget-image\" data-id=\"854e74b\" data-element_type=\"widget\" data-widget_type=\"image.default\">\n\t\t\t\t<div class=\"elementor-widget-container\">\n\t\t\t\t\t\t\t\t\t\t\t\t\t\t\t\t<a href=\"http:\/\/sefoc.sepyc.gob.mx\/wp-content\/uploads\/2025\/09\/3.-Seleccion-de-alternativas-PRODEP-2025_ab01_-2025.pdf\" target=\"_blank\">\n\t\t\t\t\t\t\t<img loading=\"lazy\" decoding=\"async\" width=\"300\" height=\"220\" src=\"http:\/\/sefoc.sepyc.gob.mx\/wp-content\/uploads\/2025\/09\/SELECCION-DE-ALTERNATIVAS-DEL-PROGRAMA-PARA-EL-DESARROLLO-PROFESIONAL-DOCENTE-2025-300x220.png\" class=\"attachment-medium size-medium wp-image-1404\" alt=\"\" srcset=\"http:\/\/sefoc.sepyc.gob.mx\/wp-content\/uploads\/2025\/09\/SELECCION-DE-ALTERNATIVAS-DEL-PROGRAMA-PARA-EL-DESARROLLO-PROFESIONAL-DOCENTE-2025-300x220.png 300w, http:\/\/sefoc.sepyc.gob.mx\/wp-content\/uploads\/2025\/09\/SELECCION-DE-ALTERNATIVAS-DEL-PROGRAMA-PARA-EL-DESARROLLO-PROFESIONAL-DOCENTE-2025-768x562.png 768w, http:\/\/sefoc.sepyc.gob.mx\/wp-content\/uploads\/2025\/09\/SELECCION-DE-ALTERNATIVAS-DEL-PROGRAMA-PARA-EL-DESARROLLO-PROFESIONAL-DOCENTE-2025.png 780w\" sizes=\"(max-width: 300px) 100vw, 300px\" \/>\t\t\t\t\t\t\t\t<\/a>\n\t\t\t\t\t\t\t\t\t\t\t\t\t\t\t<\/div>\n\t\t\t\t<\/div>\n\t\t\t\t<div class=\"elementor-element elementor-element-c4678e6 elementor-align-center elementor-widget elementor-widget-button\" data-id=\"c4678e6\" data-element_type=\"widget\" data-widget_type=\"button.default\">\n\t\t\t\t<div class=\"elementor-widget-container\">\n\t\t\t\t\t\t\t\t\t<div class=\"elementor-button-wrapper\">\n\t\t\t\t\t<a class=\"elementor-button elementor-button-link elementor-size-sm\" href=\"http:\/\/sefoc.sepyc.gob.mx\/wp-content\/uploads\/2025\/09\/3.-Seleccion-de-alternativas-PRODEP-2025_ab01_-2025.pdf\" target=\"_blank\">\n\t\t\t\t\t\t<span class=\"elementor-button-content-wrapper\">\n\t\t\t\t\t\t\t\t\t<span class=\"elementor-button-text\">Descargar<\/span>\n\t\t\t\t\t<\/span>\n\t\t\t\t\t<\/a>\n\t\t\t\t<\/div>\n\t\t\t\t\t\t\t\t<\/div>\n\t\t\t\t<\/div>\n\t\t\t\t<\/div>\n\t\t\t\t\t<\/div>\n\t\t\t\t<\/div>\n\t\t<div class=\"elementor-element elementor-element-6fd55fe e-flex e-con-boxed e-con e-parent\" data-id=\"6fd55fe\" data-element_type=\"container\">\n\t\t\t\t\t<div class=\"e-con-inner\">\n\t\t<div class=\"elementor-element elementor-element-9b2f275 e-con-full e-flex e-con e-child\" data-id=\"9b2f275\" data-element_type=\"container\">\n\t\t\t\t<div class=\"elementor-element elementor-element-282e23b elementor-widget elementor-widget-heading\" data-id=\"282e23b\" data-element_type=\"widget\" data-widget_type=\"heading.default\">\n\t\t\t\t<div class=\"elementor-widget-container\">\n\t\t\t\t\t<h2 class=\"elementor-heading-title elementor-size-default\">Estructura Anal\u00edtica PRODEP 2025_ab01_ 2025<\/h2>\t\t\t\t<\/div>\n\t\t\t\t<\/div>\n\t\t\t\t<div class=\"elementor-element elementor-element-7263ad8 elementor-widget elementor-widget-image\" data-id=\"7263ad8\" data-element_type=\"widget\" data-widget_type=\"image.default\">\n\t\t\t\t<div class=\"elementor-widget-container\">\n\t\t\t\t\t\t\t\t\t\t\t\t\t\t\t\t<a href=\"http:\/\/sefoc.sepyc.gob.mx\/wp-content\/uploads\/2025\/09\/4.-Estructura-Analitica-PRODEP-2025_ab01_-2025.pdf\" target=\"_blank\">\n\t\t\t\t\t\t\t<img loading=\"lazy\" decoding=\"async\" width=\"300\" height=\"235\" src=\"http:\/\/sefoc.sepyc.gob.mx\/wp-content\/uploads\/2025\/09\/Estructura-Analitica-del-Programa-para-el-Desarrollo-Profesional-Docente-2025--300x235.png\" class=\"attachment-medium size-medium wp-image-1405\" alt=\"\" srcset=\"http:\/\/sefoc.sepyc.gob.mx\/wp-content\/uploads\/2025\/09\/Estructura-Analitica-del-Programa-para-el-Desarrollo-Profesional-Docente-2025--300x235.png 300w, http:\/\/sefoc.sepyc.gob.mx\/wp-content\/uploads\/2025\/09\/Estructura-Analitica-del-Programa-para-el-Desarrollo-Profesional-Docente-2025-.png 757w\" sizes=\"(max-width: 300px) 100vw, 300px\" \/>\t\t\t\t\t\t\t\t<\/a>\n\t\t\t\t\t\t\t\t\t\t\t\t\t\t\t<\/div>\n\t\t\t\t<\/div>\n\t\t\t\t<div class=\"elementor-element elementor-element-f94f474 elementor-align-center elementor-widget elementor-widget-button\" data-id=\"f94f474\" data-element_type=\"widget\" data-widget_type=\"button.default\">\n\t\t\t\t<div class=\"elementor-widget-container\">\n\t\t\t\t\t\t\t\t\t<div class=\"elementor-button-wrapper\">\n\t\t\t\t\t<a class=\"elementor-button elementor-button-link elementor-size-sm\" href=\"http:\/\/sefoc.sepyc.gob.mx\/wp-content\/uploads\/2025\/09\/4.-Estructura-Analitica-PRODEP-2025_ab01_-2025.pdf\" target=\"_blank\">\n\t\t\t\t\t\t<span class=\"elementor-button-content-wrapper\">\n\t\t\t\t\t\t\t\t\t<span class=\"elementor-button-text\">Descargar<\/span>\n\t\t\t\t\t<\/span>\n\t\t\t\t\t<\/a>\n\t\t\t\t<\/div>\n\t\t\t\t\t\t\t\t<\/div>\n\t\t\t\t<\/div>\n\t\t\t\t<\/div>\n\t\t<div class=\"elementor-element elementor-element-836bc81 e-con-full e-flex e-con e-child\" data-id=\"836bc81\" data-element_type=\"container\">\n\t\t\t\t<div class=\"elementor-element elementor-element-d585115 elementor-widget elementor-widget-heading\" data-id=\"d585115\" data-element_type=\"widget\" data-widget_type=\"heading.default\">\n\t\t\t\t<div class=\"elementor-widget-container\">\n\t\t\t\t\t<h2 class=\"elementor-heading-title elementor-size-default\">Fichas Tecnicas PRODEP 2025 _31 marzo 25<\/h2>\t\t\t\t<\/div>\n\t\t\t\t<\/div>\n\t\t\t\t<div class=\"elementor-element elementor-element-dcc9d71 elementor-widget elementor-widget-image\" data-id=\"dcc9d71\" data-element_type=\"widget\" data-widget_type=\"image.default\">\n\t\t\t\t<div class=\"elementor-widget-container\">\n\t\t\t\t\t\t\t\t\t\t\t\t\t\t\t\t<a href=\"http:\/\/sefoc.sepyc.gob.mx\/wp-content\/uploads\/2025\/09\/Fichas-Tecnicas-PRODEP-2025-_31-marzo-25.pdf\" target=\"_blank\">\n\t\t\t\t\t\t\t<img loading=\"lazy\" decoding=\"async\" width=\"233\" height=\"300\" src=\"http:\/\/sefoc.sepyc.gob.mx\/wp-content\/uploads\/2025\/09\/Ficha-Tecnica-233x300.png\" class=\"attachment-medium size-medium wp-image-1406\" alt=\"\" srcset=\"http:\/\/sefoc.sepyc.gob.mx\/wp-content\/uploads\/2025\/09\/Ficha-Tecnica-233x300.png 233w, http:\/\/sefoc.sepyc.gob.mx\/wp-content\/uploads\/2025\/09\/Ficha-Tecnica.png 545w\" sizes=\"(max-width: 233px) 100vw, 233px\" \/>\t\t\t\t\t\t\t\t<\/a>\n\t\t\t\t\t\t\t\t\t\t\t\t\t\t\t<\/div>\n\t\t\t\t<\/div>\n\t\t\t\t<div class=\"elementor-element elementor-element-4f8d888 elementor-align-center elementor-widget elementor-widget-button\" data-id=\"4f8d888\" data-element_type=\"widget\" data-widget_type=\"button.default\">\n\t\t\t\t<div class=\"elementor-widget-container\">\n\t\t\t\t\t\t\t\t\t<div class=\"elementor-button-wrapper\">\n\t\t\t\t\t<a class=\"elementor-button elementor-button-link elementor-size-sm\" href=\"http:\/\/sefoc.sepyc.gob.mx\/wp-content\/uploads\/2025\/09\/Fichas-Tecnicas-PRODEP-2025-_31-marzo-25.pdf\" target=\"_blank\">\n\t\t\t\t\t\t<span class=\"elementor-button-content-wrapper\">\n\t\t\t\t\t\t\t\t\t<span class=\"elementor-button-text\">Descargar<\/span>\n\t\t\t\t\t<\/span>\n\t\t\t\t\t<\/a>\n\t\t\t\t<\/div>\n\t\t\t\t\t\t\t\t<\/div>\n\t\t\t\t<\/div>\n\t\t\t\t<\/div>\n\t\t\t\t\t<\/div>\n\t\t\t\t<\/div>\n\t\t\t\t<\/div>\n\t\t","protected":false},"excerpt":{"rendered":"<p>MATRIZ DE INDICADORES Y RESULTADOS MIR 2025 modificada_observaciones ASE Descargar Definici\u00f3n del Problema PRODEP 2025_ab01_25 Descargar Arbol problema y objetivo PRODEP 2025__ab 01_2025 Descargar Selecci\u00f3n de alternativas PRODEP 2025_ab01_ 2025 Descargar Estructura Anal\u00edtica PRODEP 2025_ab01_ 2025 Descargar Fichas Tecnicas PRODEP 2025 _31 marzo 25 Descargar<\/p>\n","protected":false},"author":1,"featured_media":0,"parent":0,"menu_order":0,"comment_status":"closed","ping_status":"closed","template":"elementor_header_footer","meta":{"footnotes":""},"class_list":["post-1347","page","type-page","status-publish","hentry"],"_links":{"self":[{"href":"http:\/\/sefoc.sepyc.gob.mx\/index.php?rest_route=\/wp\/v2\/pages\/1347","targetHints":{"allow":["GET"]}}],"collection":[{"href":"http:\/\/sefoc.sepyc.gob.mx\/index.php?rest_route=\/wp\/v2\/pages"}],"about":[{"href":"http:\/\/sefoc.sepyc.gob.mx\/index.php?rest_route=\/wp\/v2\/types\/page"}],"author":[{"embeddable":true,"href":"http:\/\/sefoc.sepyc.gob.mx\/index.php?rest_route=\/wp\/v2\/users\/1"}],"replies":[{"embeddable":true,"href":"http:\/\/sefoc.sepyc.gob.mx\/index.php?rest_route=%2Fwp%2Fv2%2Fcomments&post=1347"}],"version-history":[{"count":19,"href":"http:\/\/sefoc.sepyc.gob.mx\/index.php?rest_route=\/wp\/v2\/pages\/1347\/revisions"}],"predecessor-version":[{"id":1409,"href":"http:\/\/sefoc.sepyc.gob.mx\/index.php?rest_route=\/wp\/v2\/pages\/1347\/revisions\/1409"}],"wp:attachment":[{"href":"http:\/\/sefoc.sepyc.gob.mx\/index.php?rest_route=%2Fwp%2Fv2%2Fmedia&parent=1347"}],"curies":[{"name":"wp","href":"https:\/\/api.w.org\/{rel}","templated":true}]}}